{"id":182,"date":"2024-05-19T08:15:29","date_gmt":"2024-05-19T08:15:29","guid":{"rendered":"https:\/\/maxlogistik.at\/?page_id=182"},"modified":"2024-06-14T11:27:31","modified_gmt":"2024-06-14T11:27:31","slug":"privacy-policy","status":"publish","type":"page","link":"https:\/\/maxlogistik.at\/de\/privacy-policy\/","title":{"rendered":"Datenschutzbestimmungen"},"content":{"rendered":"<div data-elementor-type=\"wp-page\" data-elementor-id=\"182\" class=\"elementor elementor-182\" data-elementor-post-type=\"page\">\n\t\t\t\t<div class=\"elementor-element elementor-element-304d620 e-flex e-con-boxed e-con e-parent\" data-id=\"304d620\" data-element_type=\"container\" data-e-type=\"container\">\n\t\t\t\t\t<div class=\"e-con-inner\">\n\t\t\t\t<div class=\"elementor-element elementor-element-1f38c2c elementor-widget elementor-widget-heading\" data-id=\"1f38c2c\" data-element_type=\"widget\" data-e-type=\"widget\" data-widget_type=\"heading.default\">\n\t\t\t\t<div class=\"elementor-widget-container\">\n\t\t\t\t\t<h2 class=\"elementor-heading-title elementor-size-default\">Datenschutzbestimmungen f\u00fcr Max Spedition und Logistik GmbH<\/h2>\t\t\t\t<\/div>\n\t\t\t\t<\/div>\n\t\t\t\t\t<\/div>\n\t\t\t\t<\/div>\n\t\t<div class=\"elementor-element elementor-element-62e1e010 e-flex e-con-boxed e-con e-parent\" data-id=\"62e1e010\" data-element_type=\"container\" data-e-type=\"container\">\n\t\t\t\t\t<div class=\"e-con-inner\">\n\t\t\t\t<div class=\"elementor-element elementor-element-245d3a9f elementor-widget elementor-widget-text-editor\" data-id=\"245d3a9f\" data-element_type=\"widget\" data-e-type=\"widget\" data-widget_type=\"text-editor.default\">\n\t\t\t\t<div class=\"elementor-widget-container\">\n\t\t\t\t\t\t\t\t\t\n<p>Bei Max Spedition und Logistik GmbH, erreichbar \u00fcber maxlogistik.at, ist eine unserer wichtigsten Priorit\u00e4ten die Privatsph\u00e4re unserer Besucher. Diese Datenschutzrichtlinie enth\u00e4lt die Arten von Informationen, die von Max Spedition und Logistik GmbH gesammelt und aufgezeichnet werden, und wie wir sie verwenden.<\/p>\n\n\n\n<p>Wenn Sie weitere Fragen haben oder mehr Informationen \u00fcber unsere Datenschutzpolitik ben\u00f6tigen, z\u00f6gern Sie nicht, uns zu kontaktieren.<\/p>\n\n\n\n<h2 class=\"wp-block-heading\">Log-Dateien<\/h2>\n\n\n\n<p>Die Max Spedition und Logistik GmbH verwendet standardm\u00e4\u00dfig Logfiles. Diese Dateien protokollieren den Besuch von Websites. Dies wird von allen Hosting-Unternehmen durchgef\u00fchrt und ist Teil der Analytik der Hosting-Dienste. Die von den Logdateien gesammelten Informationen umfassen Internetprotokolladressen (IP), Browsertyp, Internet Service Provider (ISP), Datums- und Zeitstempel, Verweis- und Ausgangsseiten und m\u00f6glicherweise die Anzahl der Klicks. Diese Daten werden nicht mit Informationen verkn\u00fcpft, die eine pers\u00f6nliche Identifizierung erm\u00f6glichen. Der Zweck dieser Informationen ist die Analyse von Trends, die Verwaltung der Website, die Verfolgung der Bewegungen der Nutzer auf der Website und die Erfassung demografischer Informationen.<\/p>\n\n\n\n<h2 class=\"wp-block-heading\">Cookies und Web Beacons<\/h2>\n\n\n\n<p>Wie jede andere Website auch, verwendet die Max Spedition und Logistik GmbH \"Cookies\". Diese Cookies werden verwendet, um Informationen zu speichern, einschlie\u00dflich der Pr\u00e4ferenzen der Besucher und der Seiten auf der Website, die der Besucher aufgerufen oder besucht hat. Diese Informationen werden verwendet, um die Erfahrung des Benutzers zu optimieren, indem der Inhalt unserer Webseite auf der Grundlage des Browsertyps des Besuchers und\/oder anderer Informationen angepasst wird.<\/p>\n\n\n\n<h2 class=\"wp-block-heading\">Datenschutzrichtlinien<\/h2>\n\n\n\n<p>Sie k\u00f6nnen diese Liste konsultieren, um die Datenschutzbestimmungen f\u00fcr jeden der Werbepartner der Max Spedition und Logistik GmbH zu finden.<\/p>\n\n\n\n<p>Werbeserver oder Werbenetzwerke von Drittanbietern verwenden Technologien wie Cookies, JavaScript oder Web Beacons, die in ihren jeweiligen Anzeigen und Links, die auf Max Spedition und Logistik GmbH erscheinen, verwendet werden und direkt an den Browser der Nutzer gesendet werden. Dabei erhalten sie automatisch Ihre IP-Adresse. Diese Technologien werden verwendet, um die Wirksamkeit ihrer Werbekampagnen zu messen und\/oder die Werbeinhalte, die Sie auf den von Ihnen besuchten Websites sehen, zu personalisieren.<\/p>\n\n\n\n<p>Beachten Sie, dass die Max Spedition und Logistik GmbH keinen Zugriff auf oder Kontrolle \u00fcber diese Cookies hat, die von Drittanbietern verwendet werden.<\/p>\n\n\n\n<h2 class=\"wp-block-heading\">Datenschutzrichtlinien von Dritten<\/h2>\n\n\n\n<p>Die Datenschutzrichtlinien der Max Spedition und Logistik GmbH gelten nicht f\u00fcr andere Werbetreibende oder Websites. Wir raten Ihnen daher, die jeweiligen Datenschutzrichtlinien dieser Werbeserver zu konsultieren, um genauere Informationen zu erhalten. Diese k\u00f6nnen deren Praktiken und Anweisungen dar\u00fcber enthalten, wie Sie bestimmte Optionen deaktivieren k\u00f6nnen.<\/p>\n\n\n\n<p>Sie k\u00f6nnen Cookies \u00fcber die Optionen Ihres Browsers deaktivieren. Ausf\u00fchrlichere Informationen \u00fcber die Cookie-Verwaltung mit bestimmten Webbrowsern finden Sie auf den jeweiligen Websites der Browser. Was sind Cookies?<\/p>\n\n\n\n<h2 class=\"wp-block-heading\">Informationen f\u00fcr Kinder<\/h2>\n\n\n\n<p>Ein weiterer Teil unserer Priorit\u00e4t ist der Schutz von Kindern bei der Nutzung des Internets. Wir ermutigen Eltern und Erziehungsberechtigte, ihre Online-Aktivit\u00e4ten zu beobachten, daran teilzunehmen und\/oder sie zu \u00fcberwachen und anzuleiten.<\/p>\n\n\n\n<p>Max Spedition und Logistik GmbH sammelt wissentlich keine personenbezogenen Daten von Kindern unter 13 Jahren. Sollten Sie der Meinung sein, dass Ihr Kind diese Art von Informationen auf unserer Website zur Verf\u00fcgung gestellt hat, bitten wir Sie, uns umgehend zu kontaktieren, und wir werden unser Bestes tun, um diese Informationen umgehend aus unseren Unterlagen zu entfernen.<\/p>\n\n\n\n<h2 class=\"wp-block-heading\">Nur Online-Datenschutzerkl\u00e4rung<\/h2>\n\n\n\n<p>Diese Datenschutzerkl\u00e4rung bezieht sich nur auf unsere Online-Aktivit\u00e4ten und gilt f\u00fcr Besucher unserer Website in Bezug auf die Informationen, die sie an Max Spedition und Logistik GmbH weitergeben und\/oder sammeln. Diese Richtlinie ist nicht anwendbar auf Informationen, die offline oder \u00fcber andere Kan\u00e4le als diese Website gesammelt werden.<\/p>\n\n\n\n<h2 class=\"wp-block-heading\">Zustimmung<\/h2>\n\n\n\n<p>Durch die Nutzung unserer Website erkl\u00e4ren Sie sich mit unserer Datenschutzrichtlinie einverstanden und stimmen den darin enthaltenen Bedingungen und Konditionen zu.<\/p>\n\t\t\t\t\t\t\t\t<\/div>\n\t\t\t\t<\/div>\n\t\t\t\t\t<\/div>\n\t\t\t\t<\/div>\n\t\t\t\t<\/div>","protected":false},"excerpt":{"rendered":"<p>Privacy Policy for Max Spedition und Logistik GmbH At Max Spedition und Logistik GmbH, accessible from maxlogistik.at, one of our main priorities is the privacy of our visitors. This Privacy Policy document contains types of information that is collected and recorded by Max Spedition und Logistik GmbH and how we use it. If you have [&hellip;]<\/p>","protected":false},"author":1,"featured_media":0,"parent":0,"menu_order":0,"comment_status":"closed","ping_status":"closed","template":"elementor_header_footer","meta":{"footnotes":""},"class_list":["post-182","page","type-page","status-publish","hentry"],"_links":{"self":[{"href":"https:\/\/maxlogistik.at\/de\/wp-json\/wp\/v2\/pages\/182","targetHints":{"allow":["GET"]}}],"collection":[{"href":"https:\/\/maxlogistik.at\/de\/wp-json\/wp\/v2\/pages"}],"about":[{"href":"https:\/\/maxlogistik.at\/de\/wp-json\/wp\/v2\/types\/page"}],"author":[{"embeddable":true,"href":"https:\/\/maxlogistik.at\/de\/wp-json\/wp\/v2\/users\/1"}],"replies":[{"embeddable":true,"href":"https:\/\/maxlogistik.at\/de\/wp-json\/wp\/v2\/comments?post=182"}],"version-history":[{"count":0,"href":"https:\/\/maxlogistik.at\/de\/wp-json\/wp\/v2\/pages\/182\/revisions"}],"wp:attachment":[{"href":"https:\/\/maxlogistik.at\/de\/wp-json\/wp\/v2\/media?parent=182"}],"curies":[{"name":"wp","href":"https:\/\/api.w.org\/{rel}","templated":true}]}}