{"id":174,"date":"2024-05-19T08:13:30","date_gmt":"2024-05-19T08:13:30","guid":{"rendered":"https:\/\/maxlogistik.at\/?page_id=174"},"modified":"2024-06-14T12:14:27","modified_gmt":"2024-06-14T12:14:27","slug":"cookies","status":"publish","type":"page","link":"https:\/\/maxlogistik.at\/de\/cookies\/","title":{"rendered":"Cookies"},"content":{"rendered":"<div data-elementor-type=\"wp-page\" data-elementor-id=\"174\" class=\"elementor elementor-174\" data-elementor-post-type=\"page\">\n\t\t\t\t<div class=\"elementor-element elementor-element-b08695b e-flex e-con-boxed e-con e-parent\" data-id=\"b08695b\" data-element_type=\"container\" data-e-type=\"container\">\n\t\t\t\t\t<div class=\"e-con-inner\">\n\t\t\t\t<div class=\"elementor-element elementor-element-19f8196 elementor-widget elementor-widget-heading\" data-id=\"19f8196\" data-element_type=\"widget\" data-e-type=\"widget\" data-widget_type=\"heading.default\">\n\t\t\t\t<div class=\"elementor-widget-container\">\n\t\t\t\t\t<h2 class=\"elementor-heading-title elementor-size-default\">Cookie-Richtlinie f\u00fcr Max Spedition und Logistik GmbH<\/h2>\t\t\t\t<\/div>\n\t\t\t\t<\/div>\n\t\t\t\t\t<\/div>\n\t\t\t\t<\/div>\n\t\t<div class=\"elementor-element elementor-element-4129bed0 e-flex e-con-boxed e-con e-parent\" data-id=\"4129bed0\" data-element_type=\"container\" data-e-type=\"container\">\n\t\t\t\t\t<div class=\"e-con-inner\">\n\t\t\t\t<div class=\"elementor-element elementor-element-5c83203c elementor-widget elementor-widget-text-editor\" data-id=\"5c83203c\" data-element_type=\"widget\" data-e-type=\"widget\" data-widget_type=\"text-editor.default\">\n\t\t\t\t<div class=\"elementor-widget-container\">\n\t\t\t\t\t\t\t\t\t\n<p>Dies ist die Cookie-Richtlinie von Max Logistik, die \u00fcber https:\/\/maxlogistik.at zug\u00e4nglich ist.<\/p>\n\n<h2>Was sind Cookies?<\/h2>\n\n<p>Wie bei fast allen professionellen Websites \u00fcblich, verwendet auch diese Website Cookies, d. h. kleine Dateien, die auf Ihren Computer heruntergeladen werden, um Ihre Erfahrung zu verbessern. Auf dieser Seite wird beschrieben, welche Informationen sie sammeln, wie wir sie verwenden und warum wir diese Cookies manchmal speichern m\u00fcssen. Wir teilen Ihnen auch mit, wie Sie die Speicherung dieser Cookies verhindern k\u00f6nnen, was jedoch zu einer Beeintr\u00e4chtigung bestimmter Funktionen der Website f\u00fchren kann.<\/p>\n\n<h2>Wie wir Cookies verwenden<\/h2>\n\n<p>Wir verwenden Cookies aus einer Reihe von Gr\u00fcnden, die im Folgenden n\u00e4her erl\u00e4utert werden. Leider gibt es in den meisten F\u00e4llen keine branchen\u00fcblichen Optionen zur Deaktivierung von Cookies, ohne die Funktionalit\u00e4t und die Merkmale, die sie dieser Website hinzuf\u00fcgen, vollst\u00e4ndig zu deaktivieren. Es wird empfohlen, alle Cookies zuzulassen, wenn Sie nicht sicher sind, ob Sie sie ben\u00f6tigen oder nicht, falls sie zur Bereitstellung eines von Ihnen genutzten Dienstes verwendet werden.<\/p>\n\n<h2>Deaktivieren von Cookies<\/h2>\n\n<p>Sie k\u00f6nnen das Setzen von Cookies verhindern, indem Sie die Einstellungen Ihres Browsers anpassen (siehe dazu die Hilfe Ihres Browsers). Beachten Sie, dass die Deaktivierung von Cookies die Funktionalit\u00e4t dieser und vieler anderer Websites, die Sie besuchen, beeintr\u00e4chtigen wird. Die Deaktivierung von Cookies f\u00fchrt in der Regel auch zur Deaktivierung bestimmter Funktionen und Merkmale dieser Website. Es wird daher empfohlen, Cookies nicht zu deaktivieren.<\/p>\n\n<h2>Die von uns gesetzten Cookies<\/h2>\n\n<ul class=\"wp-block-list\">\n<li>Cookies im Zusammenhang mit E-Mail-Newslettern Diese Website bietet Newsletter oder E-Mail-Abonnementdienste an, und Cookies k\u00f6nnen verwendet werden, um sich daran zu erinnern, ob Sie bereits registriert sind und ob bestimmte Benachrichtigungen angezeigt werden sollen, die m\u00f6glicherweise nur f\u00fcr angemeldete\/abgemeldete Benutzer gelten.<\/li>\n\n<li>Cookies f\u00fcr Formulare Wenn Sie Daten \u00fcber ein Formular eingeben, z. B. auf Kontaktseiten oder in Kommentarformularen, k\u00f6nnen Cookies gesetzt werden, um Ihre Benutzerdaten f\u00fcr zuk\u00fcnftige Korrespondenz zu speichern.<\/li>\n\n<li>Cookies f\u00fcr Website-Pr\u00e4ferenzen Um Ihnen einen angenehmen Aufenthalt auf dieser Website zu erm\u00f6glichen, bieten wir Ihnen die M\u00f6glichkeit, Ihre Pr\u00e4ferenzen f\u00fcr den Betrieb dieser Website festzulegen, wenn Sie sie nutzen. Damit wir uns Ihre Pr\u00e4ferenzen merken k\u00f6nnen, m\u00fcssen wir Cookies setzen, damit diese Informationen bei jeder Interaktion mit einer Seite, die von Ihren Pr\u00e4ferenzen beeinflusst wird, abgerufen werden k\u00f6nnen.<\/li>\n<\/ul>\n\n<h2>Cookies von Dritten<\/h2>\n\n<p>In einigen besonderen F\u00e4llen verwenden wir auch Cookies, die von vertrauensw\u00fcrdigen Dritten bereitgestellt werden. Der folgende Abschnitt beschreibt, welche Cookies von Dritten Sie auf dieser Website finden k\u00f6nnen.<\/p>\n\n<ul class=\"wp-block-list\">\n<li>Diese Website verwendet Google Analytics, eine der am weitesten verbreiteten und vertrauensw\u00fcrdigsten Analysel\u00f6sungen im Internet, die uns hilft zu verstehen, wie Sie die Website nutzen und wie wir Ihre Erfahrung verbessern k\u00f6nnen. Diese Cookies k\u00f6nnen Dinge wie Ihre Verweildauer auf der Website und die von Ihnen besuchten Seiten aufzeichnen, damit wir weiterhin ansprechende Inhalte erstellen k\u00f6nnen. Weitere Informationen zu Google Analytics-Cookies finden Sie auf der offiziellen Google Analytics-Seite.<\/li>\n\n<li>Analyseprogramme von Drittanbietern werden verwendet, um die Nutzung dieser Website zu verfolgen und zu messen, damit wir weiterhin ansprechende Inhalte erstellen k\u00f6nnen. Diese Cookies k\u00f6nnen Dinge wie die Verweildauer auf der Website oder die von Ihnen besuchten Seiten verfolgen, was uns hilft zu verstehen, wie wir die Website f\u00fcr Sie verbessern k\u00f6nnen.<\/li>\n\n<li>Von Zeit zu Zeit testen wir neue Funktionen und nehmen geringf\u00fcgige \u00c4nderungen an der Art und Weise vor, wie die Website bereitgestellt wird. Wenn wir noch neue Funktionen testen, k\u00f6nnen diese Cookies verwendet werden, um sicherzustellen, dass Sie auf der Website ein einheitliches Erlebnis haben, und um zu verstehen, welche Optimierungen unsere Nutzer am meisten sch\u00e4tzen.<\/li>\n\n<li>Wir verwenden auch Schaltfl\u00e4chen und\/oder Plugins f\u00fcr soziale Medien auf dieser Website, die es Ihnen erm\u00f6glichen, sich auf verschiedene Weise mit Ihrem sozialen Netzwerk zu verbinden. Damit diese funktionieren, setzen die folgenden Social-Media-Websites, einschlie\u00dflich {Listen Sie die sozialen Netzwerke auf, deren Funktionen Sie in Ihre Website integriert haben:12}, \u00fcber unsere Website Cookies, die dazu verwendet werden k\u00f6nnen, Ihr Profil auf ihrer Website zu verbessern oder zu den Daten beizutragen, die sie f\u00fcr verschiedene Zwecke speichern, die in ihren jeweiligen Datenschutzrichtlinien beschrieben sind.<\/li>\n<\/ul>\n\n<h2>Mehr Informationen<\/h2>\n\n<p>Wie bereits erw\u00e4hnt, ist es bei Dingen, bei denen Sie sich nicht sicher sind, ob Sie sie ben\u00f6tigen, in der Regel sicherer, die Cookies aktiviert zu lassen, f\u00fcr den Fall, dass sie mit einer der Funktionen, die Sie auf unserer Website nutzen, interagieren.<\/p>\n\n<p>Wenn Sie jedoch noch weitere Informationen w\u00fcnschen, k\u00f6nnen Sie uns \u00fcber eine unserer bevorzugten Kontaktmethoden kontaktieren:<\/p>\n\n<ul class=\"wp-block-list\">\n<li>E-Mail: office@maxlogistik.at<\/li>\n\n<li>Unter folgendem Link: https:\/\/maxlogistik.at\/contact<\/li>\n\n<li>Telefon: +43 (0) 7473\/20357<\/li>\n<\/ul>\n\t\t\t\t\t\t\t\t<\/div>\n\t\t\t\t<\/div>\n\t\t\t\t\t<\/div>\n\t\t\t\t<\/div>\n\t\t\t\t<\/div>","protected":false},"excerpt":{"rendered":"<p>Cookies Policy for Max Spedition und Logistik GmbH This is the Cookie Policy for Max Logistik, accessible from https:\/\/maxlogistik.at What Are Cookies As is common practice with almost all professional websites this site uses cookies, which are tiny files that are downloaded to your computer, to improve your experience. This page describes what information they [&hellip;]<\/p>","protected":false},"author":1,"featured_media":0,"parent":0,"menu_order":0,"comment_status":"closed","ping_status":"closed","template":"elementor_header_footer","meta":{"footnotes":""},"class_list":["post-174","page","type-page","status-publish","hentry"],"_links":{"self":[{"href":"https:\/\/maxlogistik.at\/de\/wp-json\/wp\/v2\/pages\/174","targetHints":{"allow":["GET"]}}],"collection":[{"href":"https:\/\/maxlogistik.at\/de\/wp-json\/wp\/v2\/pages"}],"about":[{"href":"https:\/\/maxlogistik.at\/de\/wp-json\/wp\/v2\/types\/page"}],"author":[{"embeddable":true,"href":"https:\/\/maxlogistik.at\/de\/wp-json\/wp\/v2\/users\/1"}],"replies":[{"embeddable":true,"href":"https:\/\/maxlogistik.at\/de\/wp-json\/wp\/v2\/comments?post=174"}],"version-history":[{"count":0,"href":"https:\/\/maxlogistik.at\/de\/wp-json\/wp\/v2\/pages\/174\/revisions"}],"wp:attachment":[{"href":"https:\/\/maxlogistik.at\/de\/wp-json\/wp\/v2\/media?parent=174"}],"curies":[{"name":"wp","href":"https:\/\/api.w.org\/{rel}","templated":true}]}}