{"id":14,"date":"2024-04-03T08:55:09","date_gmt":"2024-04-03T08:55:09","guid":{"rendered":"https:\/\/maxlogistik.at\/?page_id=14"},"modified":"2024-06-18T07:31:19","modified_gmt":"2024-06-18T07:31:19","slug":"about-us","status":"publish","type":"page","link":"https:\/\/maxlogistik.at\/de\/about-us\/","title":{"rendered":"\u00dcber uns"},"content":{"rendered":"<div data-elementor-type=\"wp-page\" data-elementor-id=\"14\" class=\"elementor elementor-14\" data-elementor-post-type=\"page\">\n\t\t\t\t\t\t<section class=\"elementor-section elementor-top-section elementor-element elementor-element-77802ef1 elementor-section-height-min-height elementor-section-boxed elementor-section-height-default elementor-section-items-middle\" data-id=\"77802ef1\" data-element_type=\"section\" data-e-type=\"section\" data-settings=\"{&quot;background_background&quot;:&quot;classic&quot;}\">\n\t\t\t\t\t\t\t<div class=\"elementor-background-overlay\"><\/div>\n\t\t\t\t\t\t\t<div class=\"elementor-container elementor-column-gap-default\">\n\t\t\t\t\t<div class=\"elementor-column elementor-col-100 elementor-top-column elementor-element elementor-element-7e166457\" data-id=\"7e166457\" data-element_type=\"column\" data-e-type=\"column\">\n\t\t\t<div class=\"elementor-widget-wrap elementor-element-populated\">\n\t\t\t\t\t\t<div class=\"elementor-element elementor-element-2c19cb55 elementor-invisible elementor-widget elementor-widget-heading\" data-id=\"2c19cb55\" data-element_type=\"widget\" data-e-type=\"widget\" data-settings=\"{&quot;_animation&quot;:&quot;fadeInUp&quot;}\" data-widget_type=\"heading.default\">\n\t\t\t\t<div class=\"elementor-widget-container\">\n\t\t\t\t\t<h1 class=\"elementor-heading-title elementor-size-default\">Unser Auftrag<\/h1>\t\t\t\t<\/div>\n\t\t\t\t<\/div>\n\t\t\t\t<div class=\"elementor-element elementor-element-1410dd95 elementor-invisible elementor-widget elementor-widget-text-editor\" data-id=\"1410dd95\" data-element_type=\"widget\" data-e-type=\"widget\" data-settings=\"{&quot;_animation&quot;:&quot;fadeInUp&quot;}\" data-widget_type=\"text-editor.default\">\n\t\t\t\t<div class=\"elementor-widget-container\">\n\t\t\t\t\t\t\t\t\t<p><strong>Max Spedition und Logistik GmbH<\/strong> liefert qualitative, zuverl\u00e4ssige, kosteneffiziente, innovative und nachhaltige Logistikl\u00f6sungen f\u00fcr seine Kunden.<\/p>\t\t\t\t\t\t\t\t<\/div>\n\t\t\t\t<\/div>\n\t\t\t\t<div class=\"elementor-element elementor-element-9807e52 elementor-invisible elementor-widget elementor-widget-text-editor\" data-id=\"9807e52\" data-element_type=\"widget\" data-e-type=\"widget\" data-settings=\"{&quot;_animation&quot;:&quot;fadeInUp&quot;}\" data-widget_type=\"text-editor.default\">\n\t\t\t\t<div class=\"elementor-widget-container\">\n\t\t\t\t\t\t\t\t\t<p>Der Weg des Gesch\u00e4ftsf\u00fchrers Iancu Adrian ist ein Beispiel f\u00fcr gutes Verhalten und Vertrauen. Die Mannschaft der Max Spedition und Logistik GmbH hat ein internationales Netzwerk von Kunden und Partnern in einem koh\u00e4renten Rahmen konsolidiert, der darauf ausgerichtet ist, logistische Techniken und hocheffiziente Stra\u00dfentransportverfahren umzusetzen.<\/p>\t\t\t\t\t\t\t\t<\/div>\n\t\t\t\t<\/div>\n\t\t\t\t\t<\/div>\n\t\t<\/div>\n\t\t\t\t\t<\/div>\n\t\t<\/section>\n\t\t\t\t<section class=\"elementor-section elementor-top-section elementor-element elementor-element-5b546b8e elementor-section-full_width elementor-section-height-default elementor-section-height-default\" data-id=\"5b546b8e\" data-element_type=\"section\" data-e-type=\"section\">\n\t\t\t\t\t\t<div class=\"elementor-container elementor-column-gap-default\">\n\t\t\t\t\t<div class=\"elementor-column elementor-col-50 elementor-top-column elementor-element elementor-element-1643a1d9\" data-id=\"1643a1d9\" data-element_type=\"column\" data-e-type=\"column\">\n\t\t\t<div class=\"elementor-widget-wrap elementor-element-populated\">\n\t\t\t\t\t\t<div class=\"elementor-element elementor-element-3b35c833 elementor-invisible elementor-widget elementor-widget-image\" data-id=\"3b35c833\" data-element_type=\"widget\" data-e-type=\"widget\" data-settings=\"{&quot;_animation&quot;:&quot;fadeIn&quot;}\" data-widget_type=\"image.default\">\n\t\t\t\t<div class=\"elementor-widget-container\">\n\t\t\t\t\t\t\t\t\t\t\t\t\t\t\t<img fetchpriority=\"high\" decoding=\"async\" width=\"800\" height=\"527\" src=\"https:\/\/maxlogistik.at\/wp-content\/uploads\/2024\/06\/van-maxlogistik-at-1024x675.jpg\" class=\"attachment-large size-large wp-image-355\" alt=\"van-maxlogistik at\" srcset=\"https:\/\/maxlogistik.at\/wp-content\/uploads\/2024\/06\/van-maxlogistik-at-1024x675.jpg 1024w, https:\/\/maxlogistik.at\/wp-content\/uploads\/2024\/06\/van-maxlogistik-at-300x198.jpg 300w, https:\/\/maxlogistik.at\/wp-content\/uploads\/2024\/06\/van-maxlogistik-at-768x506.jpg 768w, https:\/\/maxlogistik.at\/wp-content\/uploads\/2024\/06\/van-maxlogistik-at.jpg 1379w\" sizes=\"(max-width: 800px) 100vw, 800px\" \/>\t\t\t\t\t\t\t\t\t\t\t\t\t\t\t<\/div>\n\t\t\t\t<\/div>\n\t\t\t\t\t<\/div>\n\t\t<\/div>\n\t\t\t\t<div class=\"elementor-column elementor-col-50 elementor-top-column elementor-element elementor-element-7119d4fc\" data-id=\"7119d4fc\" data-element_type=\"column\" data-e-type=\"column\" data-settings=\"{&quot;background_background&quot;:&quot;classic&quot;}\">\n\t\t\t<div class=\"elementor-widget-wrap elementor-element-populated\">\n\t\t\t\t\t\t<div class=\"elementor-element elementor-element-2d786274 elementor-invisible elementor-widget elementor-widget-heading\" data-id=\"2d786274\" data-element_type=\"widget\" data-e-type=\"widget\" data-settings=\"{&quot;_animation&quot;:&quot;fadeInUp&quot;}\" data-widget_type=\"heading.default\">\n\t\t\t\t<div class=\"elementor-widget-container\">\n\t\t\t\t\t<h2 class=\"elementor-heading-title elementor-size-default\">Unternehmensethik und Korruptionsbek\u00e4mpfung<\/h2>\t\t\t\t<\/div>\n\t\t\t\t<\/div>\n\t\t\t\t<div class=\"elementor-element elementor-element-3f5965f1 elementor-widget elementor-widget-text-editor\" data-id=\"3f5965f1\" data-element_type=\"widget\" data-e-type=\"widget\" data-widget_type=\"text-editor.default\">\n\t\t\t\t<div class=\"elementor-widget-container\">\n\t\t\t\t\t\t\t\t\t<p>Wir integrieren die soziale Verantwortung der Unternehmen in unser Gesch\u00e4ft und unsere T\u00e4tigkeit. Wir sind der Meinung, dass es wichtig ist, dass alle Mitarbeiter von <strong>Max Spedition und Logistik GmbH<\/strong> unabh\u00e4ngig von den lokalen Gesch\u00e4ftskulturen dieselben ethischen Verhaltensweisen anwenden.<\/p>\t\t\t\t\t\t\t\t<\/div>\n\t\t\t\t<\/div>\n\t\t\t\t<div class=\"elementor-element elementor-element-7a67bbe elementor-widget elementor-widget-text-editor\" data-id=\"7a67bbe\" data-element_type=\"widget\" data-e-type=\"widget\" data-widget_type=\"text-editor.default\">\n\t\t\t\t<div class=\"elementor-widget-container\">\n\t\t\t\t\t\t\t\t\t<p>Wir sind ein Team, das auf die Dynamik der Transportbranche spezialisiert ist und proaktiv nach L\u00f6sungen f\u00fcr einen effizienten Transport sucht. Wir stehen in st\u00e4ndigem Kontakt mit unseren Partnern und bem\u00fchen uns um den Einsatz von Transporten unter den besten Sicherheitsbedingungen.<\/p>\t\t\t\t\t\t\t\t<\/div>\n\t\t\t\t<\/div>\n\t\t\t\t\t<\/div>\n\t\t<\/div>\n\t\t\t\t\t<\/div>\n\t\t<\/section>\n\t\t\t\t<section class=\"elementor-section elementor-top-section elementor-element elementor-element-f6fb5ce elementor-section-boxed elementor-section-height-default elementor-section-height-default\" data-id=\"f6fb5ce\" data-element_type=\"section\" data-e-type=\"section\">\n\t\t\t\t\t\t<div class=\"elementor-container elementor-column-gap-default\">\n\t\t\t\t\t<div class=\"elementor-column elementor-col-50 elementor-top-column elementor-element elementor-element-2ffcd35a\" data-id=\"2ffcd35a\" data-element_type=\"column\" data-e-type=\"column\">\n\t\t\t<div class=\"elementor-widget-wrap elementor-element-populated\">\n\t\t\t\t\t\t<div class=\"elementor-element elementor-element-45981509 elementor-invisible elementor-widget elementor-widget-heading\" data-id=\"45981509\" data-element_type=\"widget\" data-e-type=\"widget\" data-settings=\"{&quot;_animation&quot;:&quot;fadeInUp&quot;}\" data-widget_type=\"heading.default\">\n\t\t\t\t<div class=\"elementor-widget-container\">\n\t\t\t\t\t<h2 class=\"elementor-heading-title elementor-size-default\">Unser Ansatz zur sozialen Verantwortung der Unternehmen<\/h2>\t\t\t\t<\/div>\n\t\t\t\t<\/div>\n\t\t\t\t<div class=\"elementor-element elementor-element-277178a4 elementor-widget elementor-widget-text-editor\" data-id=\"277178a4\" data-element_type=\"widget\" data-e-type=\"widget\" data-widget_type=\"text-editor.default\">\n\t\t\t\t<div class=\"elementor-widget-container\">\n\t\t\t\t\t\t\t\t\t<p>Die Max Spedition und Logistik GmbH baut ihr Netzwerk st\u00e4ndig aus und unser Ruf als Dienstleister ist von h\u00f6chster Bedeutung. Die Beziehungen zu unseren Kunden, Auftraggebern und anderen Gesch\u00e4ftspartnern haben in der Vergangenheit wesentlich zum Wachstum der Max Spedition und Logistik GmbH beigetragen und sind auch f\u00fcr unseren zuk\u00fcnftigen Erfolg als Anbieter von (inter)nationalen Transportdienstleistungen entscheidend.<\/p>\t\t\t\t\t\t\t\t<\/div>\n\t\t\t\t<\/div>\n\t\t\t\t\t<\/div>\n\t\t<\/div>\n\t\t\t\t<div class=\"elementor-column elementor-col-50 elementor-top-column elementor-element elementor-element-54d63320\" data-id=\"54d63320\" data-element_type=\"column\" data-e-type=\"column\">\n\t\t\t<div class=\"elementor-widget-wrap elementor-element-populated\">\n\t\t\t\t\t\t<div class=\"elementor-element elementor-element-7c0fb84a elementor-position-left elementor-vertical-align-top elementor-widget elementor-widget-image-box\" data-id=\"7c0fb84a\" data-element_type=\"widget\" data-e-type=\"widget\" data-widget_type=\"image-box.default\">\n\t\t\t\t<div class=\"elementor-widget-container\">\n\t\t\t\t\t<div class=\"elementor-image-box-wrapper\"><figure class=\"elementor-image-box-img\"><img decoding=\"async\" width=\"64\" height=\"64\" src=\"https:\/\/maxlogistik.at\/wp-content\/uploads\/2024\/06\/encrypted.png\" class=\"attachment-full size-full wp-image-375\" alt=\"encrypted\" \/><\/figure><div class=\"elementor-image-box-content\"><h3 class=\"elementor-image-box-title\">Sicherer Schutz<\/h3><p class=\"elementor-image-box-description\">Sie profitieren von unserer Erfahrung bei der Bereitstellung effektiver L\u00f6sungen f\u00fcr die komplexen globalen Lieferketten einiger der gr\u00f6\u00dften Unternehmen der Welt.<\/p><\/div><\/div>\t\t\t\t<\/div>\n\t\t\t\t<\/div>\n\t\t\t\t<div class=\"elementor-element elementor-element-9ffd32e elementor-position-left elementor-vertical-align-top elementor-widget elementor-widget-image-box\" data-id=\"9ffd32e\" data-element_type=\"widget\" data-e-type=\"widget\" data-widget_type=\"image-box.default\">\n\t\t\t\t<div class=\"elementor-widget-container\">\n\t\t\t\t\t<div class=\"elementor-image-box-wrapper\"><figure class=\"elementor-image-box-img\"><img decoding=\"async\" width=\"64\" height=\"64\" src=\"https:\/\/maxlogistik.at\/wp-content\/uploads\/2024\/06\/delivery-truck.png\" class=\"attachment-full size-full wp-image-374\" alt=\"delivery-truck\" \/><\/figure><div class=\"elementor-image-box-content\"><h3 class=\"elementor-image-box-title\">Bester Transport<\/h3><p class=\"elementor-image-box-description\">Sie profitieren von jedem internationalen Speditionsangebot, egal ob es sich um eine einfache Erweiterung unserer internationalen Transportprodukte handelt, oder ob es sich um einen Lagerausbau handelt.<\/p><\/div><\/div>\t\t\t\t<\/div>\n\t\t\t\t<\/div>\n\t\t\t\t<div class=\"elementor-element elementor-element-71a27a20 elementor-position-left elementor-vertical-align-top elementor-widget elementor-widget-image-box\" data-id=\"71a27a20\" data-element_type=\"widget\" data-e-type=\"widget\" data-widget_type=\"image-box.default\">\n\t\t\t\t<div class=\"elementor-widget-container\">\n\t\t\t\t\t<div class=\"elementor-image-box-wrapper\"><figure class=\"elementor-image-box-img\"><img loading=\"lazy\" decoding=\"async\" width=\"64\" height=\"64\" src=\"https:\/\/maxlogistik.at\/wp-content\/uploads\/2024\/06\/on-time.png\" class=\"attachment-full size-full wp-image-373\" alt=\"on-time\" \/><\/figure><div class=\"elementor-image-box-content\"><h3 class=\"elementor-image-box-title\">Termingerechte Lieferung<\/h3><p class=\"elementor-image-box-description\">Das effizienteste und kommunikativste Support-Team, das sicherstellt, dass Ihre Lieferungen immer p\u00fcnktlich ankommen.<\/p><\/div><\/div>\t\t\t\t<\/div>\n\t\t\t\t<\/div>\n\t\t\t\t\t<\/div>\n\t\t<\/div>\n\t\t\t\t\t<\/div>\n\t\t<\/section>\n\t\t\t\t<section class=\"elementor-section elementor-top-section elementor-element elementor-element-7aeb09d2 elementor-section-boxed elementor-section-height-default elementor-section-height-default\" data-id=\"7aeb09d2\" data-element_type=\"section\" data-e-type=\"section\">\n\t\t\t\t\t\t<div class=\"elementor-container elementor-column-gap-default\">\n\t\t\t\t\t<div class=\"elementor-column elementor-col-100 elementor-top-column elementor-element elementor-element-4d08e74f\" data-id=\"4d08e74f\" data-element_type=\"column\" data-e-type=\"column\">\n\t\t\t<div class=\"elementor-widget-wrap elementor-element-populated\">\n\t\t\t\t\t\t<section class=\"elementor-section elementor-inner-section elementor-element elementor-element-357eeb17 elementor-section-boxed elementor-section-height-default elementor-section-height-default\" data-id=\"357eeb17\" data-element_type=\"section\" data-e-type=\"section\" data-settings=\"{&quot;background_background&quot;:&quot;classic&quot;}\">\n\t\t\t\t\t\t<div class=\"elementor-container elementor-column-gap-default\">\n\t\t\t\t\t<div class=\"elementor-column elementor-col-100 elementor-inner-column elementor-element elementor-element-5357cc71\" data-id=\"5357cc71\" data-element_type=\"column\" data-e-type=\"column\">\n\t\t\t<div class=\"elementor-widget-wrap elementor-element-populated\">\n\t\t\t\t\t\t<div class=\"elementor-element elementor-element-4f283032 elementor-widget__width-initial elementor-widget-mobile__width-initial elementor-absolute elementor-invisible elementor-widget elementor-widget-text-editor\" data-id=\"4f283032\" data-element_type=\"widget\" data-e-type=\"widget\" data-settings=\"{&quot;_animation&quot;:&quot;fadeInUp&quot;,&quot;_position&quot;:&quot;absolute&quot;}\" data-widget_type=\"text-editor.default\">\n\t\t\t\t<div class=\"elementor-widget-container\">\n\t\t\t\t\t\t\t\t\t<p>In \u00dcbereinstimmung mit den Zielen, die in unserem ISO 14001-Politikdokument festgelegt sind, <strong>Max Spedition und Logistik GmbH<\/strong> ist bestrebt, Energie, Kraftstoff und Emissionen in die Atmosph\u00e4re, den Boden und das Wasser zu reduzieren.<\/p>\t\t\t\t\t\t\t\t<\/div>\n\t\t\t\t<\/div>\n\t\t\t\t<div class=\"elementor-element elementor-element-7a276bc elementor-widget elementor-widget-spacer\" data-id=\"7a276bc\" data-element_type=\"widget\" data-e-type=\"widget\" data-widget_type=\"spacer.default\">\n\t\t\t\t<div class=\"elementor-widget-container\">\n\t\t\t\t\t\t\t<div class=\"elementor-spacer\">\n\t\t\t<div class=\"elementor-spacer-inner\"><\/div>\n\t\t<\/div>\n\t\t\t\t\t\t<\/div>\n\t\t\t\t<\/div>\n\t\t\t\t\t<\/div>\n\t\t<\/div>\n\t\t\t\t\t<\/div>\n\t\t<\/section>\n\t\t\t\t\t<\/div>\n\t\t<\/div>\n\t\t\t\t\t<\/div>\n\t\t<\/section>\n\t\t\t\t<section class=\"elementor-section elementor-top-section elementor-element elementor-element-338078de elementor-section-boxed elementor-section-height-default elementor-section-height-default\" data-id=\"338078de\" data-element_type=\"section\" data-e-type=\"section\">\n\t\t\t\t\t\t<div class=\"elementor-container elementor-column-gap-default\">\n\t\t\t\t\t<div class=\"elementor-column elementor-col-100 elementor-top-column elementor-element elementor-element-6c303740\" data-id=\"6c303740\" data-element_type=\"column\" data-e-type=\"column\">\n\t\t\t<div class=\"elementor-widget-wrap elementor-element-populated\">\n\t\t\t\t\t\t<section class=\"elementor-section elementor-inner-section elementor-element elementor-element-4857d287 elementor-section-boxed elementor-section-height-default elementor-section-height-default\" data-id=\"4857d287\" data-element_type=\"section\" data-e-type=\"section\">\n\t\t\t\t\t\t<div class=\"elementor-container elementor-column-gap-default\">\n\t\t\t\t\t<div class=\"elementor-column elementor-col-33 elementor-inner-column elementor-element elementor-element-76ab763d\" data-id=\"76ab763d\" data-element_type=\"column\" data-e-type=\"column\">\n\t\t\t<div class=\"elementor-widget-wrap elementor-element-populated\">\n\t\t\t\t\t\t<div class=\"elementor-element elementor-element-14822eb elementor-invisible elementor-widget elementor-widget-counter\" data-id=\"14822eb\" data-element_type=\"widget\" data-e-type=\"widget\" data-settings=\"{&quot;_animation&quot;:&quot;fadeInUp&quot;}\" data-widget_type=\"counter.default\">\n\t\t\t\t<div class=\"elementor-widget-container\">\n\t\t\t\t\t\t\t<div class=\"elementor-counter\">\n\t\t\t<div class=\"elementor-counter-title\">Verkaufsb\u00fcro<\/div>\t\t\t<div class=\"elementor-counter-number-wrapper\">\n\t\t\t\t<span class=\"elementor-counter-number-prefix\"><\/span>\n\t\t\t\t<span class=\"elementor-counter-number\" data-duration=\"2000\" data-to-value=\"20\" data-from-value=\"0\" data-delimiter=\",\">0<\/span>\n\t\t\t\t<span class=\"elementor-counter-number-suffix\">+<\/span>\n\t\t\t<\/div>\n\t\t<\/div>\n\t\t\t\t\t\t<\/div>\n\t\t\t\t<\/div>\n\t\t\t\t\t<\/div>\n\t\t<\/div>\n\t\t\t\t<div class=\"elementor-column elementor-col-33 elementor-inner-column elementor-element elementor-element-56d57fce\" data-id=\"56d57fce\" data-element_type=\"column\" data-e-type=\"column\">\n\t\t\t<div class=\"elementor-widget-wrap elementor-element-populated\">\n\t\t\t\t\t\t<div class=\"elementor-element elementor-element-47c171b8 elementor-invisible elementor-widget elementor-widget-counter\" data-id=\"47c171b8\" data-element_type=\"widget\" data-e-type=\"widget\" data-settings=\"{&quot;_animation&quot;:&quot;fadeInUp&quot;}\" data-widget_type=\"counter.default\">\n\t\t\t\t<div class=\"elementor-widget-container\">\n\t\t\t\t\t\t\t<div class=\"elementor-counter\">\n\t\t\t<div class=\"elementor-counter-title\">Zufriedener Kunde<\/div>\t\t\t<div class=\"elementor-counter-number-wrapper\">\n\t\t\t\t<span class=\"elementor-counter-number-prefix\"><\/span>\n\t\t\t\t<span class=\"elementor-counter-number\" data-duration=\"2000\" data-to-value=\"99\" data-from-value=\"0\" data-delimiter=\",\">0<\/span>\n\t\t\t\t<span class=\"elementor-counter-number-suffix\">%<\/span>\n\t\t\t<\/div>\n\t\t<\/div>\n\t\t\t\t\t\t<\/div>\n\t\t\t\t<\/div>\n\t\t\t\t\t<\/div>\n\t\t<\/div>\n\t\t\t\t<div class=\"elementor-column elementor-col-33 elementor-inner-column elementor-element elementor-element-dd7a65b\" data-id=\"dd7a65b\" data-element_type=\"column\" data-e-type=\"column\">\n\t\t\t<div class=\"elementor-widget-wrap elementor-element-populated\">\n\t\t\t\t\t\t<div class=\"elementor-element elementor-element-770485a7 elementor-invisible elementor-widget elementor-widget-counter\" data-id=\"770485a7\" data-element_type=\"widget\" data-e-type=\"widget\" data-settings=\"{&quot;_animation&quot;:&quot;fadeInUp&quot;}\" data-widget_type=\"counter.default\">\n\t\t\t\t<div class=\"elementor-widget-container\">\n\t\t\t\t\t\t\t<div class=\"elementor-counter\">\n\t\t\t<div class=\"elementor-counter-title\">Lokaler Kurier<\/div>\t\t\t<div class=\"elementor-counter-number-wrapper\">\n\t\t\t\t<span class=\"elementor-counter-number-prefix\"><\/span>\n\t\t\t\t<span class=\"elementor-counter-number\" data-duration=\"2000\" data-to-value=\"80\" data-from-value=\"0\" data-delimiter=\",\">0<\/span>\n\t\t\t\t<span class=\"elementor-counter-number-suffix\">+<\/span>\n\t\t\t<\/div>\n\t\t<\/div>\n\t\t\t\t\t\t<\/div>\n\t\t\t\t<\/div>\n\t\t\t\t\t<\/div>\n\t\t<\/div>\n\t\t\t\t\t<\/div>\n\t\t<\/section>\n\t\t\t\t\t<\/div>\n\t\t<\/div>\n\t\t\t\t\t<\/div>\n\t\t<\/section>\n\t\t\t\t<\/div>","protected":false},"excerpt":{"rendered":"<p>Our Mission Max Spedition und Logistik GmbH delivers qualitative, reliable, cost-efficient, innovative and sustainable logistics solutions for its customers. The road taken by General Manager Iancu Adrian is an example dedicated to good conduct and trust practices. The Max Spedition und Logistik GmbH crew has consolidated a international network of clients and partners, in a [&hellip;]<\/p>","protected":false},"author":1,"featured_media":0,"parent":0,"menu_order":0,"comment_status":"closed","ping_status":"closed","template":"","meta":{"footnotes":""},"class_list":["post-14","page","type-page","status-publish","hentry"],"_links":{"self":[{"href":"https:\/\/maxlogistik.at\/de\/wp-json\/wp\/v2\/pages\/14","targetHints":{"allow":["GET"]}}],"collection":[{"href":"https:\/\/maxlogistik.at\/de\/wp-json\/wp\/v2\/pages"}],"about":[{"href":"https:\/\/maxlogistik.at\/de\/wp-json\/wp\/v2\/types\/page"}],"author":[{"embeddable":true,"href":"https:\/\/maxlogistik.at\/de\/wp-json\/wp\/v2\/users\/1"}],"replies":[{"embeddable":true,"href":"https:\/\/maxlogistik.at\/de\/wp-json\/wp\/v2\/comments?post=14"}],"version-history":[{"count":0,"href":"https:\/\/maxlogistik.at\/de\/wp-json\/wp\/v2\/pages\/14\/revisions"}],"wp:attachment":[{"href":"https:\/\/maxlogistik.at\/de\/wp-json\/wp\/v2\/media?parent=14"}],"curies":[{"name":"wp","href":"https:\/\/api.w.org\/{rel}","templated":true}]}}